{"id":127,"date":"2022-04-26T00:00:36","date_gmt":"2022-04-25T22:00:36","guid":{"rendered":"https:\/\/cigandse.hu\/?page_id=127"},"modified":"2022-10-13T15:03:15","modified_gmt":"2022-10-13T13:03:15","slug":"impresszum","status":"publish","type":"page","link":"https:\/\/wpt-bqip.185-225-68-9.cpanel.site\/index.php\/impresszum\/","title":{"rendered":"Impresszum"},"content":{"rendered":"<h3 style=\"text-align: center;\"><strong>Cig\u00e1nd Sportegyes\u00fclet hivatalos honlapja<\/strong><\/h3>\n<p style=\"text-align: center;\"><strong><u>Laptulajdonos:<\/u><\/strong><br \/>\nCig\u00e1ndi Innov\u00e1ci\u00f3s \u00e9s Ifj\u00fas\u00e1gi Sportegyes\u00fclet<br \/>\n3973 Cig\u00e1nd F\u0151 \u00fat 80.<br \/>\nE-mail: info [@] cigandse.hu<\/p>\n<p style=\"text-align: center;\"><u><strong>Internet szolg\u00e1ltat\u00f3nk:<\/strong><\/u><br \/>\n<a href=\"https:\/\/xethost.hu\" target=\"_blank\" rel=\"noopener noreferrer\">XetHost<\/a><\/p>\n<p style=\"text-align: center;\">\u00a9 Cig\u00e1nd Sportegyes\u00fclet &#8211; 2022<\/p>\n","protected":false},"excerpt":{"rendered":"<p>Cig\u00e1nd Sportegyes\u00fclet hivatalos honlapja Laptulajdonos: Cig\u00e1ndi Innov\u00e1ci\u00f3s \u00e9s Ifj\u00fas\u00e1gi Sportegyes\u00fclet 3973 Cig\u00e1nd F\u0151 \u00fat 80. E-mail: info [@] cigandse.hu Internet [&hellip;]<\/p>\n","protected":false},"author":1,"featured_media":0,"parent":0,"menu_order":0,"comment_status":"closed","ping_status":"closed","template":"","meta":{"_uag_custom_page_level_css":"","footnotes":""},"class_list":["post-127","page","type-page","status-publish","hentry"],"yoast_head":"<!-- This site is optimized with the Yoast SEO plugin v24.4 - https:\/\/yoast.com\/wordpress\/plugins\/seo\/ -->\n<title>Impresszum - Cig\u00e1nd Sportegyes\u00fclet hivatalos oldala<\/title>\n<meta name=\"robots\" content=\"noindex, follow, max-snippet:-1, max-image-preview:large, max-video-preview:-1\" \/>\n<meta property=\"og:locale\" content=\"hu_HU\" \/>\n<meta property=\"og:type\" content=\"article\" \/>\n<meta property=\"og:title\" content=\"Impresszum - Cig\u00e1nd Sportegyes\u00fclet hivatalos oldala\" \/>\n<meta property=\"og:description\" content=\"Cig\u00e1nd Sportegyes\u00fclet hivatalos honlapja Laptulajdonos: Cig\u00e1ndi Innov\u00e1ci\u00f3s \u00e9s Ifj\u00fas\u00e1gi Sportegyes\u00fclet 3973 Cig\u00e1nd F\u0151 \u00fat 80. E-mail: info [@] cigandse.hu Internet [&hellip;]\" \/>\n<meta property=\"og:url\" content=\"https:\/\/wpt-bqip.185-225-68-9.cpanel.site\/index.php\/impresszum\/\" \/>\n<meta property=\"og:site_name\" content=\"Cig\u00e1nd Sportegyes\u00fclet hivatalos oldala\" \/>\n<meta property=\"article:publisher\" content=\"https:\/\/www.facebook.com\/CigandSportegyesulet\" \/>\n<meta property=\"article:modified_time\" content=\"2022-10-13T13:03:15+00:00\" \/>\n<meta name=\"twitter:card\" content=\"summary_large_image\" \/>\n<meta name=\"twitter:label1\" content=\"Becs\u00fclt olvas\u00e1si id\u0151\" \/>\n\t<meta name=\"twitter:data1\" content=\"1 perc\" \/>\n<script type=\"application\/ld+json\" class=\"yoast-schema-graph\">{\"@context\":\"https:\/\/schema.org\",\"@graph\":[{\"@type\":\"WebPage\",\"@id\":\"https:\/\/wpt-bqip.185-225-68-9.cpanel.site\/index.php\/impresszum\/\",\"url\":\"https:\/\/wpt-bqip.185-225-68-9.cpanel.site\/index.php\/impresszum\/\",\"name\":\"Impresszum - Cig\u00e1nd Sportegyes\u00fclet hivatalos oldala\",\"isPartOf\":{\"@id\":\"https:\/\/wpt-bqip.185-225-68-9.cpanel.site\/#website\"},\"datePublished\":\"2022-04-25T22:00:36+00:00\",\"dateModified\":\"2022-10-13T13:03:15+00:00\",\"breadcrumb\":{\"@id\":\"https:\/\/wpt-bqip.185-225-68-9.cpanel.site\/index.php\/impresszum\/#breadcrumb\"},\"inLanguage\":\"hu\",\"potentialAction\":[{\"@type\":\"ReadAction\",\"target\":[\"https:\/\/wpt-bqip.185-225-68-9.cpanel.site\/index.php\/impresszum\/\"]}]},{\"@type\":\"BreadcrumbList\",\"@id\":\"https:\/\/wpt-bqip.185-225-68-9.cpanel.site\/index.php\/impresszum\/#breadcrumb\",\"itemListElement\":[{\"@type\":\"ListItem\",\"position\":1,\"name\":\"Kezd\u0151lap\",\"item\":\"https:\/\/wpt-bqip.185-225-68-9.cpanel.site\/\"},{\"@type\":\"ListItem\",\"position\":2,\"name\":\"Impresszum\"}]},{\"@type\":\"WebSite\",\"@id\":\"https:\/\/wpt-bqip.185-225-68-9.cpanel.site\/#website\",\"url\":\"https:\/\/wpt-bqip.185-225-68-9.cpanel.site\/\",\"name\":\"Cig\u00e1nd Sportegyes\u00fclet hivatalos oldala\",\"description\":\"Cig\u00e1nd Sportegyes\u00fclet hivatalos oldala\",\"publisher\":{\"@id\":\"https:\/\/wpt-bqip.185-225-68-9.cpanel.site\/#organization\"},\"potentialAction\":[{\"@type\":\"SearchAction\",\"target\":{\"@type\":\"EntryPoint\",\"urlTemplate\":\"https:\/\/wpt-bqip.185-225-68-9.cpanel.site\/?s={search_term_string}\"},\"query-input\":{\"@type\":\"PropertyValueSpecification\",\"valueRequired\":true,\"valueName\":\"search_term_string\"}}],\"inLanguage\":\"hu\"},{\"@type\":\"Organization\",\"@id\":\"https:\/\/wpt-bqip.185-225-68-9.cpanel.site\/#organization\",\"name\":\"Cig\u00e1nd Sportegyes\u00fclet\",\"url\":\"https:\/\/wpt-bqip.185-225-68-9.cpanel.site\/\",\"logo\":{\"@type\":\"ImageObject\",\"inLanguage\":\"hu\",\"@id\":\"https:\/\/wpt-bqip.185-225-68-9.cpanel.site\/#\/schema\/logo\/image\/\",\"url\":\"https:\/\/wpt-bqip.185-225-68-9.cpanel.site\/wp-content\/uploads\/2022\/04\/Cigand-SE-cimer-1.jpg\",\"contentUrl\":\"https:\/\/wpt-bqip.185-225-68-9.cpanel.site\/wp-content\/uploads\/2022\/04\/Cigand-SE-cimer-1.jpg\",\"width\":1932,\"height\":2088,\"caption\":\"Cig\u00e1nd Sportegyes\u00fclet\"},\"image\":{\"@id\":\"https:\/\/wpt-bqip.185-225-68-9.cpanel.site\/#\/schema\/logo\/image\/\"},\"sameAs\":[\"https:\/\/www.facebook.com\/CigandSportegyesulet\",\"https:\/\/www.youtube.com\/channel\/UC0prdKj31NqRteZ5J4bGUZw\",\"https:\/\/hu.wikipedia.org\/wiki\/Cig\u00e1nd_SE\"]}]}<\/script>\n<!-- \/ Yoast SEO plugin. -->","yoast_head_json":{"title":"Impresszum - Cig\u00e1nd Sportegyes\u00fclet hivatalos oldala","robots":{"index":"noindex","follow":"follow","max-snippet":"max-snippet:-1","max-image-preview":"max-image-preview:large","max-video-preview":"max-video-preview:-1"},"og_locale":"hu_HU","og_type":"article","og_title":"Impresszum - Cig\u00e1nd Sportegyes\u00fclet hivatalos oldala","og_description":"Cig\u00e1nd Sportegyes\u00fclet hivatalos honlapja Laptulajdonos: Cig\u00e1ndi Innov\u00e1ci\u00f3s \u00e9s Ifj\u00fas\u00e1gi Sportegyes\u00fclet 3973 Cig\u00e1nd F\u0151 \u00fat 80. E-mail: info [@] cigandse.hu Internet [&hellip;]","og_url":"https:\/\/wpt-bqip.185-225-68-9.cpanel.site\/index.php\/impresszum\/","og_site_name":"Cig\u00e1nd Sportegyes\u00fclet hivatalos oldala","article_publisher":"https:\/\/www.facebook.com\/CigandSportegyesulet","article_modified_time":"2022-10-13T13:03:15+00:00","twitter_card":"summary_large_image","twitter_misc":{"Becs\u00fclt olvas\u00e1si id\u0151":"1 perc"},"schema":{"@context":"https:\/\/schema.org","@graph":[{"@type":"WebPage","@id":"https:\/\/wpt-bqip.185-225-68-9.cpanel.site\/index.php\/impresszum\/","url":"https:\/\/wpt-bqip.185-225-68-9.cpanel.site\/index.php\/impresszum\/","name":"Impresszum - Cig\u00e1nd Sportegyes\u00fclet hivatalos oldala","isPartOf":{"@id":"https:\/\/wpt-bqip.185-225-68-9.cpanel.site\/#website"},"datePublished":"2022-04-25T22:00:36+00:00","dateModified":"2022-10-13T13:03:15+00:00","breadcrumb":{"@id":"https:\/\/wpt-bqip.185-225-68-9.cpanel.site\/index.php\/impresszum\/#breadcrumb"},"inLanguage":"hu","potentialAction":[{"@type":"ReadAction","target":["https:\/\/wpt-bqip.185-225-68-9.cpanel.site\/index.php\/impresszum\/"]}]},{"@type":"BreadcrumbList","@id":"https:\/\/wpt-bqip.185-225-68-9.cpanel.site\/index.php\/impresszum\/#breadcrumb","itemListElement":[{"@type":"ListItem","position":1,"name":"Kezd\u0151lap","item":"https:\/\/wpt-bqip.185-225-68-9.cpanel.site\/"},{"@type":"ListItem","position":2,"name":"Impresszum"}]},{"@type":"WebSite","@id":"https:\/\/wpt-bqip.185-225-68-9.cpanel.site\/#website","url":"https:\/\/wpt-bqip.185-225-68-9.cpanel.site\/","name":"Cig\u00e1nd Sportegyes\u00fclet hivatalos oldala","description":"Cig\u00e1nd Sportegyes\u00fclet hivatalos oldala","publisher":{"@id":"https:\/\/wpt-bqip.185-225-68-9.cpanel.site\/#organization"},"potentialAction":[{"@type":"SearchAction","target":{"@type":"EntryPoint","urlTemplate":"https:\/\/wpt-bqip.185-225-68-9.cpanel.site\/?s={search_term_string}"},"query-input":{"@type":"PropertyValueSpecification","valueRequired":true,"valueName":"search_term_string"}}],"inLanguage":"hu"},{"@type":"Organization","@id":"https:\/\/wpt-bqip.185-225-68-9.cpanel.site\/#organization","name":"Cig\u00e1nd Sportegyes\u00fclet","url":"https:\/\/wpt-bqip.185-225-68-9.cpanel.site\/","logo":{"@type":"ImageObject","inLanguage":"hu","@id":"https:\/\/wpt-bqip.185-225-68-9.cpanel.site\/#\/schema\/logo\/image\/","url":"https:\/\/wpt-bqip.185-225-68-9.cpanel.site\/wp-content\/uploads\/2022\/04\/Cigand-SE-cimer-1.jpg","contentUrl":"https:\/\/wpt-bqip.185-225-68-9.cpanel.site\/wp-content\/uploads\/2022\/04\/Cigand-SE-cimer-1.jpg","width":1932,"height":2088,"caption":"Cig\u00e1nd Sportegyes\u00fclet"},"image":{"@id":"https:\/\/wpt-bqip.185-225-68-9.cpanel.site\/#\/schema\/logo\/image\/"},"sameAs":["https:\/\/www.facebook.com\/CigandSportegyesulet","https:\/\/www.youtube.com\/channel\/UC0prdKj31NqRteZ5J4bGUZw","https:\/\/hu.wikipedia.org\/wiki\/Cig\u00e1nd_SE"]}]}},"uagb_featured_image_src":{"full":false,"thumbnail":false,"medium":false,"medium_large":false,"large":false,"1536x1536":false,"2048x2048":false,"sportspress-crop-medium":false,"sportspress-fit-medium":false,"sportspress-fit-icon":false,"sportspress-fit-mini":false},"uagb_author_info":{"display_name":"admin","author_link":"https:\/\/wpt-bqip.185-225-68-9.cpanel.site\/index.php\/author\/terjeksandor\/"},"uagb_comment_info":0,"uagb_excerpt":"Cig\u00e1nd Sportegyes\u00fclet hivatalos honlapja Laptulajdonos: Cig\u00e1ndi Innov\u00e1ci\u00f3s \u00e9s Ifj\u00fas\u00e1gi Sportegyes\u00fclet 3973 Cig\u00e1nd F\u0151 \u00fat 80. E-mail: info [@] cigandse.hu Internet [&hellip;]","_links":{"self":[{"href":"https:\/\/wpt-bqip.185-225-68-9.cpanel.site\/index.php\/wp-json\/wp\/v2\/pages\/127","targetHints":{"allow":["GET"]}}],"collection":[{"href":"https:\/\/wpt-bqip.185-225-68-9.cpanel.site\/index.php\/wp-json\/wp\/v2\/pages"}],"about":[{"href":"https:\/\/wpt-bqip.185-225-68-9.cpanel.site\/index.php\/wp-json\/wp\/v2\/types\/page"}],"author":[{"embeddable":true,"href":"https:\/\/wpt-bqip.185-225-68-9.cpanel.site\/index.php\/wp-json\/wp\/v2\/users\/1"}],"replies":[{"embeddable":true,"href":"https:\/\/wpt-bqip.185-225-68-9.cpanel.site\/index.php\/wp-json\/wp\/v2\/comments?post=127"}],"version-history":[{"count":6,"href":"https:\/\/wpt-bqip.185-225-68-9.cpanel.site\/index.php\/wp-json\/wp\/v2\/pages\/127\/revisions"}],"predecessor-version":[{"id":1258,"href":"https:\/\/wpt-bqip.185-225-68-9.cpanel.site\/index.php\/wp-json\/wp\/v2\/pages\/127\/revisions\/1258"}],"wp:attachment":[{"href":"https:\/\/wpt-bqip.185-225-68-9.cpanel.site\/index.php\/wp-json\/wp\/v2\/media?parent=127"}],"curies":[{"name":"wp","href":"https:\/\/api.w.org\/{rel}","templated":true}]}}